{"id":3310,"date":"2020-04-27T12:36:14","date_gmt":"2020-04-27T12:36:14","guid":{"rendered":"https:\/\/laurent.qodeinteractive.com\/elementor\/?page_id=3310"},"modified":"2024-01-28T18:02:28","modified_gmt":"2024-01-28T15:02:28","slug":"about-us","status":"publish","type":"page","link":"https:\/\/galataartsmyrna.com\/en\/about-us\/","title":{"rendered":"About us"},"content":{"rendered":"<div data-elementor-type=\"wp-page\" data-elementor-id=\"3310\" class=\"elementor elementor-3310\">\n\t\t\t\t\t\t<section class=\"elementor-section elementor-top-section elementor-element elementor-element-30e82f3 eltdf-elementor-row-grid-section elementor-section-full_width elementor-section-height-default elementor-section-height-default eltdf-parallax-row-no eltdf-content-aligment-left eltdf-disabled-bg-image-bellow-no\" data-id=\"30e82f3\" data-element_type=\"section\">\n\t\t\t\t\t\t\t<div class=\"elementor-background-overlay\"><\/div>\n\t\t\t\t\t\t\t<div class=\"elementor-container elementor-column-gap-default\">\n\t\t\t\t\t<div class=\"elementor-column elementor-col-100 elementor-top-column elementor-element elementor-element-35ba2f6\" data-id=\"35ba2f6\" data-element_type=\"column\">\n\t\t\t<div class=\"elementor-widget-wrap elementor-element-populated\">\n\t\t\t\t\t\t<div class=\"elementor-element elementor-element-bc66965 elementor-widget elementor-widget-eltdf_section_title\" data-id=\"bc66965\" data-element_type=\"widget\" data-widget_type=\"eltdf_section_title.default\">\n\t\t\t\t<div class=\"elementor-widget-container\">\n\t\t\t<div class=\"eltdf-section-title-holder\" style=\"text-align: center\">\n\t<div class=\"eltdf-st-inner\">\n        \t\t            <div class=\"eltdf-st-title-holder\">\n                                    <div class=\"decor\"><svg xmlns=\"http:\/\/www.w3.org\/2000\/svg\" width=\"41.125\" height=\"9.146\">\n                            <path fill=\"none\" stroke=\"#9C7C57\" stroke-miterlimit=\"10\" d=\"M40.881 8.576L20.562.591.244 8.576\"\/>\n                            <path fill=\"none\" stroke=\"#9C7C57\" stroke-miterlimit=\"10\" d=\"M40.881.591L20.562 8.576.243.591\"\/>\n                        <\/svg><\/div>\n                                <h2 class=\"eltdf-st-title\" >\n                    About us                <\/h2>\n                                    <div class=\"decor\"><svg xmlns=\"http:\/\/www.w3.org\/2000\/svg\" width=\"41.125\" height=\"9.146\">\n                            <path fill=\"none\" stroke=\"#9C7C57\" stroke-miterlimit=\"10\" d=\"M40.881 8.576L20.562.591.244 8.576\"\/>\n                            <path fill=\"none\" stroke=\"#9C7C57\" stroke-miterlimit=\"10\" d=\"M40.881.591L20.562 8.576.243.591\"\/>\n                        <\/svg><\/div>\n                            <\/div>\n\t\t\t\t\t\t\t<\/div>\n<\/div>\t\t<\/div>\n\t\t\t\t<\/div>\n\t\t\t\t\t<\/div>\n\t\t<\/div>\n\t\t\t\t\t<\/div>\n\t\t<\/section>\n\t\t\t\t<section class=\"elementor-section elementor-top-section elementor-element elementor-element-81c482b eltdf-elementor-row-grid-section elementor-section-full_width elementor-section-height-default elementor-section-height-default eltdf-parallax-row-no eltdf-content-aligment-left eltdf-disabled-bg-image-bellow-no\" data-id=\"81c482b\" data-element_type=\"section\">\n\t\t\t\t\t\t<div class=\"elementor-container elementor-column-gap-default\">\n\t\t\t\t\t<div class=\"elementor-column elementor-col-100 elementor-top-column elementor-element elementor-element-462914d\" data-id=\"462914d\" data-element_type=\"column\">\n\t\t\t<div class=\"elementor-widget-wrap elementor-element-populated\">\n\t\t\t\t\t\t<section class=\"elementor-section elementor-inner-section elementor-element elementor-element-6918d7a elementor-section-boxed elementor-section-height-default elementor-section-height-default eltdf-parallax-row-no eltdf-content-aligment-left eltdf-elementor-row-grid-no eltdf-disabled-bg-image-bellow-no\" data-id=\"6918d7a\" data-element_type=\"section\">\n\t\t\t\t\t\t<div class=\"elementor-container elementor-column-gap-default\">\n\t\t\t\t\t<div class=\"elementor-column elementor-col-100 elementor-inner-column elementor-element elementor-element-def0308\" data-id=\"def0308\" data-element_type=\"column\">\n\t\t\t<div class=\"elementor-widget-wrap elementor-element-populated\">\n\t\t\t\t\t\t<div class=\"elementor-element elementor-element-11c9bb4 elementor-widget elementor-widget-text-editor\" data-id=\"11c9bb4\" data-element_type=\"widget\" data-widget_type=\"text-editor.default\">\n\t\t\t\t<div class=\"elementor-widget-container\">\n\t\t\t<style>\/*! elementor - v3.19.0 - 29-01-2024 *\/\n.elementor-widget-text-editor.elementor-drop-cap-view-stacked .elementor-drop-cap{background-color:#69727d;color:#fff}.elementor-widget-text-editor.elementor-drop-cap-view-framed .elementor-drop-cap{color:#69727d;border:3px solid;background-color:transparent}.elementor-widget-text-editor:not(.elementor-drop-cap-view-default) .elementor-drop-cap{margin-top:8px}.elementor-widget-text-editor:not(.elementor-drop-cap-view-default) .elementor-drop-cap-letter{width:1em;height:1em}.elementor-widget-text-editor .elementor-drop-cap{float:left;text-align:center;line-height:1;font-size:50px}.elementor-widget-text-editor .elementor-drop-cap-letter{display:inline-block}<\/style>\t\t\t\t<div class=\"wpb_text_column wpb_content_element\"><div class=\"wpb_wrapper\"><p>Providing service in the heart of Galata, with its historical atmosphere and the touch of modern art, Galata Art Smyrna Restaurant and Cafe brings together taste and aesthetics. We have been operating this unique venue for many years and are proud to offer our guests an unforgettable experience.<\/p><\/div><\/div>\t\t\t\t\t\t<\/div>\n\t\t\t\t<\/div>\n\t\t\t\t<div class=\"elementor-element elementor-element-c22d541 elementor-widget elementor-widget-text-editor\" data-id=\"c22d541\" data-element_type=\"widget\" data-widget_type=\"text-editor.default\">\n\t\t\t\t<div class=\"elementor-widget-container\">\n\t\t\t\t\t\t\t<p style=\"text-align: center;\">With the importance we attach to customer satisfaction, we aim to provide you with an unforgettable evening by carefully planning every detail. We are very happy to host both local people and guests visiting the city in the history-scented streets of Galata.<\/p>\t\t\t\t\t\t<\/div>\n\t\t\t\t<\/div>\n\t\t\t\t<div class=\"elementor-element elementor-element-bcf7b6d elementor-widget elementor-widget-text-editor\" data-id=\"bcf7b6d\" data-element_type=\"widget\" data-widget_type=\"text-editor.default\">\n\t\t\t\t<div class=\"elementor-widget-container\">\n\t\t\t\t\t\t\t<div class=\"wpb_text_column wpb_content_element\"><div class=\"wpb_wrapper\"><p style=\"text-align: center;\"><br \/>As a part of the Galata Art Smyrna Restaurant and Cafe family, we invite you to moments full of flavor and the magic of art. Step into an unforgettable adventure with us.<\/p><\/div><\/div>\t\t\t\t\t\t<\/div>\n\t\t\t\t<\/div>\n\t\t\t\t\t<\/div>\n\t\t<\/div>\n\t\t\t\t\t<\/div>\n\t\t<\/section>\n\t\t\t\t\t<\/div>\n\t\t<\/div>\n\t\t\t\t\t<\/div>\n\t\t<\/section>\n\t\t<div class=\"elementor-element elementor-element-b952e19 e-con-full e-flex e-con e-parent\" data-id=\"b952e19\" data-element_type=\"container\" data-settings=\"{&quot;background_background&quot;:&quot;classic&quot;,&quot;background_motion_fx_motion_fx_scrolling&quot;:&quot;yes&quot;,&quot;background_motion_fx_translateY_effect&quot;:&quot;yes&quot;,&quot;background_motion_fx_opacity_effect&quot;:&quot;yes&quot;,&quot;content_width&quot;:&quot;full&quot;,&quot;background_motion_fx_translateY_speed&quot;:{&quot;unit&quot;:&quot;px&quot;,&quot;size&quot;:4,&quot;sizes&quot;:[]},&quot;background_motion_fx_translateY_affectedRange&quot;:{&quot;unit&quot;:&quot;%&quot;,&quot;size&quot;:&quot;&quot;,&quot;sizes&quot;:{&quot;start&quot;:0,&quot;end&quot;:100}},&quot;background_motion_fx_opacity_direction&quot;:&quot;out-in&quot;,&quot;background_motion_fx_opacity_level&quot;:{&quot;unit&quot;:&quot;px&quot;,&quot;size&quot;:10,&quot;sizes&quot;:[]},&quot;background_motion_fx_opacity_range&quot;:{&quot;unit&quot;:&quot;%&quot;,&quot;size&quot;:&quot;&quot;,&quot;sizes&quot;:{&quot;start&quot;:20,&quot;end&quot;:80}},&quot;background_motion_fx_devices&quot;:[&quot;desktop&quot;,&quot;tablet&quot;,&quot;mobile&quot;]}\" data-core-v316-plus=\"true\">\n\t\t<div class=\"elementor-element elementor-element-66a107b e-con-full e-flex e-con e-child\" data-id=\"66a107b\" data-element_type=\"container\" data-settings=\"{&quot;content_width&quot;:&quot;full&quot;,&quot;background_background&quot;:&quot;classic&quot;}\">\n\t\t\t\t<div class=\"elementor-element elementor-element-5f53770 elementor-widget__width-auto elementor-widget elementor-widget-eltdf_video_button\" data-id=\"5f53770\" data-element_type=\"widget\" data-widget_type=\"eltdf_video_button.default\">\n\t\t\t\t<div class=\"elementor-widget-container\">\n\t\t\t<div class=\"eltdf-video-button-holder\">\n\t<div class=\"eltdf-video-button-image\">\n\t\t\t<\/div>\n\t\t\t<a class=\"eltdf-video-button-play\"  href=\"https:\/\/vimeo.com\/369245407\" data-rel=\"prettyPhoto[video_button_pretty_photo_367]\">\n\t\t\t<span class=\"eltdf-video-button-play-inner\">\n\t\t\t\t<span>\n                    <svg xmlns=\"http:\/\/www.w3.org\/2000\/svg\" xmlns:xlink=\"http:\/\/www.w3.org\/1999\/xlink\" x=\"0px\" y=\"0px\"\n                         width=\"97.094px\" height=\"97.094px\" viewbox=\"0 0 97.094 97.094\" enable-background=\"new 0 0 97.094 97.094\" xml:space=\"preserve\">\n                        <circle fill=\"none\" stroke=\"currentColor\" stroke-miterlimit=\"10\" cx=\"48.558\" cy=\"48.548\" r=\"48\"\/>\n                        <circle fill=\"none\" class=\"eltdf-popout\" stroke=\"none\" stroke-miterlimit=\"10\" cx=\"48.558\" cy=\"48.548\" r=\"41.037\"\/>\n                        <polygon fill=\"none\" stroke=\"currentColor\" stroke-miterlimit=\"10\" points=\"42.578,69.964 42.578,27.13 63.994,48.546 \"\/>\n                    <\/svg>\n                <\/span>\n\t\t\t<\/span>\n\t\t<\/a>\n\t<\/div>\t\t<\/div>\n\t\t\t\t<\/div>\n\t\t\t\t<\/div>\n\t\t\t\t<\/div>\n\t\t\t\t<section class=\"elementor-section elementor-top-section elementor-element elementor-element-7a9ce99 elementor-reverse-tablet elementor-reverse-mobile elementor-hidden-desktop elementor-hidden-tablet elementor-hidden-mobile elementor-section-boxed elementor-section-height-default elementor-section-height-default eltdf-parallax-row-no eltdf-content-aligment-left eltdf-elementor-row-grid-no eltdf-disabled-bg-image-bellow-no\" data-id=\"7a9ce99\" data-element_type=\"section\">\n\t\t\t\t\t\t<div class=\"elementor-container elementor-column-gap-default\">\n\t\t\t\t\t<div class=\"elementor-column elementor-col-100 elementor-top-column elementor-element elementor-element-5f926d2\" data-id=\"5f926d2\" data-element_type=\"column\">\n\t\t\t<div class=\"elementor-widget-wrap elementor-element-populated\">\n\t\t\t\t\t\t<div class=\"elementor-element elementor-element-ddde3d0 elementor-widget elementor-widget-eltdf_testimonials\" data-id=\"ddde3d0\" data-element_type=\"widget\" data-widget_type=\"eltdf_testimonials.default\">\n\t\t\t\t<div class=\"elementor-widget-container\">\n\t\t\t<div class=\"eltdf-testimonials-holder clearfix eltdf-testimonials-standard\">\n    <div class=\"eltdf-testimonials-mark\"><\/div>\n    <div class=\"eltdf-testimonials eltdf-owl-slider\" data-number-of-items=\"1\" data-enable-loop=\"yes\" data-enable-autoplay=\"yes\" data-slider-speed=\"5000\" data-slider-speed-animation=\"600\" data-enable-navigation=\"yes\" data-enable-pagination=\"yes\" >\n\n    \n            <div class=\"eltdf-testimonial-content\" id=\"eltdf-testimonials-1542\">\n                <div class=\"eltdf-testimonial-text-holder\">\n                                                                <p class=\"eltdf-testimonial-text\"> Duis aute irure dolor. Lorem ipsum dolor sit amet, consectetur adipisic sed do eiusmod tempor incidid sens as out labore et. Ut enim ad minim venia quis nostrud exercitation co laboris nisi ut aliquip ex ea commodo conse. <\/p>\n                                                                <h5 class=\"eltdf-testimonial-author\">\n                            <span class=\"eltdf-testimonials-author-name\">Andrea Chung<\/span>\n                        <\/h5>\n                                                                <p class=\"eltdf-testimonials-author-job\">Cook<\/p>\n                                    <\/div>\n                            <\/div>\n\n    \n            <div class=\"eltdf-testimonial-content\" id=\"eltdf-testimonials-362\">\n                <div class=\"eltdf-testimonial-text-holder\">\n                                                                <p class=\"eltdf-testimonial-text\">Ut enim ad minim venia quis nostrud exercitation co laboris nisi ut aliquip ex ea commodo conse.  Duis aute irure dolor. Lorem ipsum dolor sit amet, consectetur adipisic sed do eiusmod tempor incidid sens as out labore et.<\/p>\n                                                                <h5 class=\"eltdf-testimonial-author\">\n                            <span class=\"eltdf-testimonials-author-name\">Andrea Chung<\/span>\n                        <\/h5>\n                                                                <p class=\"eltdf-testimonials-author-job\">Cook<\/p>\n                                    <\/div>\n                            <\/div>\n\n    \n            <div class=\"eltdf-testimonial-content\" id=\"eltdf-testimonials-361\">\n                <div class=\"eltdf-testimonial-text-holder\">\n                                                                <p class=\"eltdf-testimonial-text\">Lorem ipsum dolor sit amet, consectetur adipisic sed do eiusmod tempor incidid sens as out labore et dolore magna aliqua. Ut enim ad minim venia quis nostrud exercitation co laboris nisi ut aliquip ex ea commodo conse.<\/p>\n                                                                <h5 class=\"eltdf-testimonial-author\">\n                            <span class=\"eltdf-testimonials-author-name\">Robert Chang<\/span>\n                        <\/h5>\n                                                                <p class=\"eltdf-testimonials-author-job\">Sommelier<\/p>\n                                    <\/div>\n                            <\/div>\n\n    \n    <\/div>\n<\/div>\t\t<\/div>\n\t\t\t\t<\/div>\n\t\t\t\t\t<\/div>\n\t\t<\/div>\n\t\t\t\t\t<\/div>\n\t\t<\/section>\n\t\t<div class=\"elementor-element elementor-element-711e6fa e-con-full e-flex e-con e-parent\" data-id=\"711e6fa\" data-element_type=\"container\" data-settings=\"{&quot;content_width&quot;:&quot;full&quot;}\" data-core-v316-plus=\"true\">\n\t\t\t\t<div class=\"elementor-element elementor-element-c6fe0f3 elementor-widget elementor-widget-google_maps\" data-id=\"c6fe0f3\" data-element_type=\"widget\" data-widget_type=\"google_maps.default\">\n\t\t\t\t<div class=\"elementor-widget-container\">\n\t\t\t<style>\/*! elementor - v3.19.0 - 29-01-2024 *\/\n.elementor-widget-google_maps .elementor-widget-container{overflow:hidden}.elementor-widget-google_maps .elementor-custom-embed{line-height:0}.elementor-widget-google_maps iframe{height:300px}<\/style>\t\t<div class=\"elementor-custom-embed\">\n\t\t\t<iframe loading=\"lazy\"\n\t\t\t\t\tsrc=\"https:\/\/maps.google.com\/maps?q=Galata%20Art%20Smyrna&#038;t=m&#038;z=12&#038;output=embed&#038;iwloc=near\"\n\t\t\t\t\ttitle=\"Galata Art Smyrna\"\n\t\t\t\t\taria-label=\"Galata Art Smyrna\"\n\t\t\t><\/iframe>\n\t\t<\/div>\n\t\t\t\t<\/div>\n\t\t\t\t<\/div>\n\t\t\t\t<\/div>\n\t\t\t\t<\/div>","protected":false},"excerpt":{"rendered":"<p>Hakk\u0131m\u0131zda Galata\u2019n\u0131n kalbinde, tarihi atmosferi ve modern sanat\u0131n dokunu\u015fuyla hizmet veren Galata Art Smyrna Restoran ve Kafe, lezzet ve esteti\u011fi bir araya getiriyor. Uzun y\u0131llard\u0131r bu e\u015fsiz mekan\u0131 i\u015fletiyor ve misafirlerimize unutulmaz bir deneyim sunmaktan gurur duyuyoruz. M\u00fc\u015fteri memnuniyetine verdi\u011fimiz \u00f6nemle, her detay\u0131 \u00f6zenle planlayarak, sizlere unutulmaz bir ak\u015fam ya\u015fatmay\u0131 hedefliyoruz. Galata&#8217;n\u0131n tarih kokan sokaklar\u0131nda, hem yerel halka hem de [&hellip;]<\/p>","protected":false},"author":1,"featured_media":4905,"parent":0,"menu_order":0,"comment_status":"closed","ping_status":"closed","template":"elementor_header_footer","meta":{"footnotes":""},"_links":{"self":[{"href":"https:\/\/galataartsmyrna.com\/en\/wp-json\/wp\/v2\/pages\/3310"}],"collection":[{"href":"https:\/\/galataartsmyrna.com\/en\/wp-json\/wp\/v2\/pages"}],"about":[{"href":"https:\/\/galataartsmyrna.com\/en\/wp-json\/wp\/v2\/types\/page"}],"author":[{"embeddable":true,"href":"https:\/\/galataartsmyrna.com\/en\/wp-json\/wp\/v2\/users\/1"}],"replies":[{"embeddable":true,"href":"https:\/\/galataartsmyrna.com\/en\/wp-json\/wp\/v2\/comments?post=3310"}],"version-history":[{"count":93,"href":"https:\/\/galataartsmyrna.com\/en\/wp-json\/wp\/v2\/pages\/3310\/revisions"}],"predecessor-version":[{"id":5577,"href":"https:\/\/galataartsmyrna.com\/en\/wp-json\/wp\/v2\/pages\/3310\/revisions\/5577"}],"wp:featuredmedia":[{"embeddable":true,"href":"https:\/\/galataartsmyrna.com\/en\/wp-json\/wp\/v2\/media\/4905"}],"wp:attachment":[{"href":"https:\/\/galataartsmyrna.com\/en\/wp-json\/wp\/v2\/media?parent=3310"}],"curies":[{"name":"wp","href":"https:\/\/api.w.org\/{rel}","templated":true}]}}