{"id":5351,"date":"2024-01-25T15:53:39","date_gmt":"2024-01-25T12:53:39","guid":{"rendered":"https:\/\/galataartsmyrna.com\/?page_id=5351"},"modified":"2024-01-25T16:05:41","modified_gmt":"2024-01-25T13:05:41","slug":"gizlilik-politikasi","status":"publish","type":"page","link":"https:\/\/galataartsmyrna.com\/en\/gizlilik-politikasi\/","title":{"rendered":"gizlilik politikas\u0131"},"content":{"rendered":"<div data-elementor-type=\"wp-page\" data-elementor-id=\"5351\" class=\"elementor elementor-5351\">\n\t\t\t\t<div class=\"elementor-element elementor-element-f5b5abd e-flex e-con-boxed e-con e-parent\" data-id=\"f5b5abd\" data-element_type=\"container\" data-settings=\"{&quot;content_width&quot;:&quot;boxed&quot;}\" data-core-v316-plus=\"true\">\n\t\t\t\t\t<div class=\"e-con-inner\">\n\t\t\t\t<div class=\"elementor-element elementor-element-e55d027 elementor-widget elementor-widget-text-editor\" data-id=\"e55d027\" data-element_type=\"widget\" data-widget_type=\"text-editor.default\">\n\t\t\t\t<div class=\"elementor-widget-container\">\n\t\t\t<style>\/*! elementor - v3.19.0 - 29-01-2024 *\/\n.elementor-widget-text-editor.elementor-drop-cap-view-stacked .elementor-drop-cap{background-color:#69727d;color:#fff}.elementor-widget-text-editor.elementor-drop-cap-view-framed .elementor-drop-cap{color:#69727d;border:3px solid;background-color:transparent}.elementor-widget-text-editor:not(.elementor-drop-cap-view-default) .elementor-drop-cap{margin-top:8px}.elementor-widget-text-editor:not(.elementor-drop-cap-view-default) .elementor-drop-cap-letter{width:1em;height:1em}.elementor-widget-text-editor .elementor-drop-cap{float:left;text-align:center;line-height:1;font-size:50px}.elementor-widget-text-editor .elementor-drop-cap-letter{display:inline-block}<\/style>\t\t\t\t<div class=\"container\"><div class=\"tabContainer active\" data-tab=\"turkey\"><h5>GALATA ART SMYRNA<br \/>\u0130NTERNET S\u0130TES\u0130 AYDINLATMA METN\u0130<\/h5><h5>1. K\u0130\u015e\u0130SEL VER\u0130LER\u0130N KORUNMASINA \u0130L\u0130\u015eK\u0130N B\u0130LG\u0130LEND\u0130RME<\/h5><p>Galata Art Smyrna (\u201c<strong>\u015eirket<\/strong>\u201d veya \u201cArt Smyrna\u201d) taraf\u0131ndan toplanan ve i\u015flenen ki\u015fisel veriler, veri sorumlusu s\u0131fat\u0131n\u0131 haiz \u015eirket\u2019in korumas\u0131 alt\u0131ndad\u0131r. Ki\u015fisel veriler, \u015eirket taraf\u0131ndan i\u015fbu Ayd\u0131nlatma Metni kapsam\u0131nda 6698 say\u0131l\u0131 Ki\u015fisel Verilerin Korunmas\u0131 Kanunu (\u201c<strong>KVKK<\/strong>\u201d), ikincil d\u00fczenlemeler ve ki\u015fisel verilerin korunmas\u0131na ili\u015fkin sair mevzuata uygun olarak i\u015flenmektedir. Veri sorumlusu olarak, ki\u015fisel verilerinizin gizlili\u011fini ve g\u00fcvenli\u011fini sa\u011flamay\u0131 taahh\u00fct etmekteyiz.<\/p><p>KVKK uyar\u0131nca ki\u015fisel veriler, kimli\u011finizi belirli ya da belirlenebilir k\u0131lan her t\u00fcrl\u00fc bilgi anlam\u0131na gelmektedir. \u015eirket taraf\u0131ndan i\u015flenen ki\u015fisel verileriniz, bunlar\u0131n i\u015flenme ama\u00e7lar\u0131, aktar\u0131labilece\u011fi al\u0131c\u0131 gruplar\u0131, toplanma y\u00f6ntemi, hukuki sebebi ve s\u00f6z konusu ki\u015fisel verilere ili\u015fkin haklar\u0131n\u0131z a\u015fa\u011f\u0131da a\u00e7\u0131klanmaktad\u0131r.<\/p><p>\u0130\u015fbu Ayd\u0131nlatma Metni, <strong>galataartsmyrna.com <\/strong>adresinden ula\u015fabilece\u011finiz internet sitemizi, \u00e7evrimi\u00e7i ziyaret\u00e7i, m\u00fc\u015fteri, potansiyel m\u00fc\u015fteri ve \u00e7al\u0131\u015fan aday\u0131 olarak ziyaret etti\u011finizde, ger\u00e7ekle\u015ftirdi\u011finiz i\u015flemle ba\u011flant\u0131l\u0131 olarak toplad\u0131\u011f\u0131m\u0131z, kulland\u0131\u011f\u0131m\u0131z ve i\u015fledi\u011fimiz ki\u015fisel verileriniz i\u00e7in ge\u00e7erlidir.<\/p><h5>2. K\u0130\u015e\u0130SEL VER\u0130LER\u0130N\u0130Z\u0130N TOPLANMA Y\u00d6NTEMLER\u0130<\/h5><p>Galata Art Smyrna olarak ki\u015fisel verilerinizi farkl\u0131 kaynaklardan elde etmekteyiz. Ki\u015fisel verilerinizin toplanma y\u00f6ntemleri a\u015fa\u011f\u0131daki tabloda a\u00e7\u0131klanmaktad\u0131r.<\/p><table><tbody><tr><td><p>Ki\u015fisel Verilerin Toplanma Y\u00f6ntemleri<\/p><\/td><\/tr><tr><td><p>Do\u011frudan \u0130lgili Ki\u015fi Arac\u0131l\u0131\u011f\u0131yla<\/p><\/td><td><p>Elektronik Cihaz veya Taray\u0131c\u0131 Arac\u0131l\u0131\u011f\u0131yla<\/p><\/td><\/tr><tr><td><p>Ki\u015fisel verileriniz do\u011frudan sizlerden elde edilebilmektedir. (\u00d6rne\u011fin, e-posta posta adresinizi ileti\u015fim kurmak amac\u0131yla bizlerle payla\u015fmak isteminiz veya internet sitemizde sunulan herhangi bir hizmete abone olmak istemeniz halinde ki\u015fisel verilerinizi i\u015flemekteyiz.<\/p><\/td><td><p>\u0130nternet sitemizi ziyaret etmeniz halinde, ba\u011fland\u0131\u011f\u0131n\u0131z elektronik cihaz veya taray\u0131c\u0131 arac\u0131l\u0131\u011f\u0131yla ki\u015fisel verilerinizi elde edebilmekteyiz.<\/p><\/td><\/tr><\/tbody><\/table><h5>3. GALATA ART SMYRNA TARAFINDAN \u0130\u015eLENMEKTE OLAN K\u0130\u015e\u0130SEL VER\u0130LER\u0130N\u0130Z, HUKUK\u0130 SEBEPLER VE \u0130\u015eLENME AMA\u00c7LARI<\/h5><p>Ki\u015fisel verilerinizi farkl\u0131 \u015fekillerde i\u015fleyebiliriz. Her durumda, ki\u015fisel verilerinizi KVKK, ikincil d\u00fczenlemeler ve ki\u015fisel verilerin korunmas\u0131na ili\u015fkin sair mevzuata uygun \u015fekilde korumay\u0131 taahh\u00fct etmekteyiz. A\u015fa\u011f\u0131da listelenen ilgili ki\u015fi gruplar\u0131n\u0131n her birinde, ki\u015fisel verilerinizi nas\u0131l elde etti\u011fimizi ve bunlar\u0131 nas\u0131l ele ald\u0131\u011f\u0131m\u0131z\u0131 a\u00e7\u0131klamaktay\u0131z.<\/p><p>3.1 \u00c7evrimi\u00e7i Ziyaret\u00e7iler<\/p><p>3.2 \u00c7al\u0131\u015fan Adaylar\u0131<\/p><p>3.3 Potansiyel M\u00fc\u015fteri<\/p><p>3.4 M\u00fc\u015fteri<\/p><p><strong>3.1.\u00a0<\/strong><strong>\u00c7EVR\u0130M\u0130\u00c7\u0130 Z\u0130YARET\u00c7\u0130LER<\/strong><\/p><p>\u0130nternet sitemizi ziyaret etmeniz halinde i\u015fledi\u011fimiz ki\u015fisel verileriniz, ki\u015fisel verilerinizin i\u015flenme ama\u00e7lar\u0131 ve hukuki sebepler a\u015fa\u011f\u0131da a\u00e7\u0131klanm\u0131\u015ft\u0131r.<\/p><table><tbody><tr><td><p>Ki\u015fisel Veriler<\/p><\/td><td><p>Ki\u015fisel Veri Kategorisi<\/p><\/td><td><p>Ki\u015fisel Veri \u0130\u015flenme Ama\u00e7lar\u0131<\/p><\/td><td><p>Hukuki Sebep<\/p><\/td><\/tr><tr><td><p>\u2022 IP adresi bilgileri,<\/p><p>\u2022 \u0130nternet sitesi giri\u015f-\u00e7\u0131k\u0131\u015f bilgileri,<\/p><p>\u2022 Log kay\u0131tlar\u0131.<\/p><\/td><td><p>\u2022 \u0130\u015flem G\u00fcvenli\u011fi Bilgileri<\/p><\/td><td><p>\u2022 5651 Say\u0131l\u0131 Kanun\u2019dan do\u011fan y\u00fck\u00fcml\u00fcl\u00fcklerin yerine getirilmesi<\/p><\/td><td><p>\u2022 Kanunlarda a\u00e7\u0131k\u00e7a \u00f6ng\u00f6r\u00fclmesi<\/p><\/td><\/tr><tr><td><p>\u2022 Ad, soyad\u0131,<\/p><p>\u2022 Adres,<\/p><p>\u2022 E-posta adresi.<\/p><\/td><td><p>\u2022 Kimlik Bilgileri<\/p><p>\u2022 \u0130leti\u015fim Bilgileri<\/p><\/td><td><p>\u2022 Sizlerden gelen talep ve \u015fik\u00e2yetlerin de\u011ferlendirilerek \u00e7\u00f6z\u00fcme kavu\u015fturulmas\u0131<\/p><\/td><td><p>\u2022 Me\u015fru menfaat<\/p><\/td><\/tr><tr><td><p>\u2022 \u00c7erez verileri (daha fazla bilgi i\u00e7in l\u00fctfen \u00c7erez Politikam\u0131z\u0131 inceleyin.)<\/p><\/td><td><p>\u2022 Teknik Veriler<\/p><\/td><td><p>\u2022 Web sitesi kullan\u0131c\u0131lar\u0131n\u0131n tercihlerini hat\u0131rlamak<\/p><p>\u2022 Pazarlama ve Reklamc\u0131l\u0131k<\/p><\/td><td><p>\u2022 A\u00e7\u0131k r\u0131za<\/p><\/td><\/tr><tr><td><p>\u2022 Ad, soyad\u0131,<\/p><p>\u2022 Cep telefonu numaras\u0131<\/p><p>\u2022 Ses kayd\u0131.<\/p><\/td><td><p>\u2022 Kimlik Bilgileri<\/p><p>\u2022 \u0130leti\u015fim Bilgileri<\/p><p>\u2022 Ses Kayd\u0131 Bilgileri<\/p><\/td><td><p>\u2022 \u00c7a\u011fr\u0131 merkezi hizmetinin sa\u011flanarak ilgili ki\u015filerin bilgilendirilmesi, araman\u0131n teyidi, m\u00fc\u015fteri memnuniyetinin sa\u011flanmas\u0131, taleplerin yan\u0131tlanmas\u0131 ama\u00e7lar\u0131yla ki\u015fisel veriler i\u015flenmekte olup, ileride do\u011fabilecek olan uyu\u015fmazl\u0131klarda delil olarak kullan\u0131labilmesi i\u00e7in saklanmaktad\u0131r.<\/p><\/td><td><p>\u2022 Me\u015fru menfaat<\/p><p>\u2022 Bir hakk\u0131n tesisi, kullan\u0131lmas\u0131 veya korunmas\u0131 i\u00e7in veri i\u015flemenin zorunlu olmas\u0131<\/p><p>\u2022 Bir s\u00f6zle\u015fmenin kurulmas\u0131 veya ifas\u0131yla do\u011frudan do\u011fruya ilgili olmas\u0131 kayd\u0131yla s\u00f6zle\u015fmenin taraflar\u0131na ait ki\u015fisel verilerin i\u015flenmesinin gerekli olmas\u0131<\/p><\/td><\/tr><\/tbody><\/table><p><strong>3.2.\u00a0<\/strong><strong>\u00c7ALI\u015eAN ADAYLARI<\/strong><\/p><p>\u0130nternet sitemizde ilan edilen pozisyonlar i\u00e7in i\u015f ba\u015fvurusunda bulunman\u0131z halinde, ba\u015fvurunuzun de\u011ferlendirilmesi amac\u0131yla ilgili ki\u015fisel veriler i\u015flenmektedir.<\/p><table><tbody><tr><td><p>Ki\u015fisel Veriler<\/p><\/td><td><p>Ki\u015fisel Veri Kategorisi<\/p><\/td><td><p>Ki\u015fisel Veri \u0130\u015flenme Ama\u00e7lar\u0131<\/p><\/td><td><p>Hukuki Sebep<\/p><\/td><\/tr><tr><td><p>\u2022 Ad, soyad,<\/p><p>\u2022 Do\u011fum tarihi,<\/p><p>\u2022 Do\u011fum yeri,<\/p><p>\u2022 Uyruk,<\/p><p>\u2022 Medeni durumu,<\/p><p>\u2022 Adres,<\/p><p>\u2022 Email adresi,<\/p><p>\u2022 Cep telefonu numaras\u0131<\/p><p>\u2022 Foto\u011fraf<\/p><p>\u2022 CV,<\/p><p>\u2022 E\u011fitim ge\u00e7mi\u015fi,<\/p><p>\u2022 Performans ve kariyer geli\u015fimi bilgileri.<\/p><\/td><td><p>\u2022 Kimlik Bilgileri<\/p><p>\u2022 \u0130leti\u015fim Bilgileri<\/p><p>\u2022 G\u00f6rsel Kay\u0131tlar<\/p><p>\u2022 Performans ve E\u011fitimle \u0130lgili Bilgiler<\/p><\/td><td><p>\u2022 Talep edilen pozisyona uygunlu\u011fun de\u011ferlendirilmesi.<\/p><p>\u2022 \u0130\u015f ba\u015fvurusunun sonu\u00e7land\u0131r\u0131larak taraf\u0131n\u0131za gerekli bilgilendirmenin yap\u0131lmas\u0131.<\/p><\/td><td><p>\u2022 Bir s\u00f6zle\u015fmenin kurulmas\u0131 veya ifas\u0131yla do\u011frudan do\u011fruya ilgili olmas\u0131 kayd\u0131yla s\u00f6zle\u015fmenin taraflar\u0131na ait ki\u015fisel verilerin i\u015flenmesinin gerekli olmas\u0131<\/p><\/td><\/tr><tr><td><p>\u2022 Ad, soyad,<\/p><p>\u2022 Do\u011fum tarihi,<\/p><p>\u2022 Do\u011fum yeri,<\/p><p>\u2022 Uyruk,<\/p><p>\u2022 Medeni durumu,<\/p><p>\u2022 Adres,<\/p><p>\u2022 Email adresi,<\/p><p>\u2022 Cep telefonu numaras\u0131<\/p><p>\u2022 Foto\u011fraf<\/p><p>\u2022 CV,<\/p><p>\u2022 E\u011fitim ge\u00e7mi\u015fi,<\/p><p>\u2022 Performans ve kariyer geli\u015fimi bilgileri<\/p><\/td><td><p>\u2022 Kimlik Bilgileri<\/p><p>\u2022 \u0130leti\u015fim Bilgileri<\/p><p>\u2022 G\u00f6rsel Kay\u0131tlar<\/p><p>\u2022 Performans ve E\u011fitimle \u0130lgili Bilgiler<\/p><\/td><td><p>\u2022 Olu\u015fabilecek uygun pozisyonlar i\u00e7in \u00e7al\u0131\u015fan adaylar\u0131n\u0131n ki\u015fisel verilerinin saklanmas\u0131<\/p><\/td><td><p>\u2022 A\u00e7\u0131k r\u0131za<\/p><\/td><\/tr><\/tbody><\/table><p><strong>3.3.\u00a0<\/strong><strong>POTANS\u0130YEL M\u00dc\u015eTER\u0130<\/strong><\/p><p>Potansiyel m\u00fc\u015fterilerimize ait i\u015fleyebilece\u011fimiz ki\u015fisel verilerin neler oldu\u011fu, i\u015flenme ama\u00e7lar\u0131 ve hukuki sebepler a\u015fa\u011f\u0131daki tabloda a\u00e7\u0131klanmaktad\u0131r.<\/p><table><tbody><tr><td><p>Ki\u015fisel Veriler<\/p><\/td><td><p>Ki\u015fisel Veri Kategorisi<\/p><\/td><td><p>Ki\u015fisel Veri \u0130\u015flenme Ama\u00e7lar\u0131<\/p><\/td><td><p>Hukuki Sebep<\/p><\/td><\/tr><tr><td><p>\u2022 Ad, soyad,<\/p><p>\u2022 E-posta adresi<\/p><p>\u2022 Cep telefonu numaras\u0131<\/p><\/td><td><p>\u2022 Kimlik Bilgileri<\/p><p>\u2022 \u0130leti\u015fim Bilgileri<\/p><\/td><td><p>\u2022 Ki\u015fisel verileriniz, rezervasyonunuzun tamamlanmas\u0131 ve y\u00f6netilmesi amac\u0131yla i\u015flenmektedir.<\/p><\/td><td><p>\u2022 Bir s\u00f6zle\u015fmenin kurulmas\u0131 veya ifas\u0131yla do\u011frudan do\u011fruya ilgili olmas\u0131 kayd\u0131yla s\u00f6zle\u015fmenin taraflar\u0131na ait ki\u015fisel verilerin i\u015flenmesinin gerekli olmas\u0131<\/p><\/td><\/tr><tr><td><p>\u2022 Ad, soyad,<\/p><p>\u2022 E-posta adresi<\/p><p>\u2022 Cep telefonu numaras\u0131<\/p><p>\u2022 Anket verileri<\/p><p>\u2022 Sat\u0131n alma ge\u00e7mi\u015fi,<\/p><p>\u2022 \u00c7erez verileri<\/p><\/td><td><p>\u2022 Kimlik Bilgileri<\/p><p>\u2022 \u0130leti\u015fim Bilgileri<\/p><p>\u2022 Pazarlama Verileri<\/p><p>\u2022 Teknik Veri<\/p><\/td><td><p>\u2022 M\u00fc\u015fterilerimizin en iyi deneyimi ya\u015famalar\u0131 ve m\u00fc\u015fterilerimizin en iyi \u015fekilde \u00fcr\u00fcn ve hizmetlerimizden faydalanabilmesi i\u00e7in analiz ve pazarlama \u00e7al\u0131\u015fmalar\u0131n\u0131n ger\u00e7ekle\u015ftirilmesi<\/p><\/td><td><p>\u2022 A\u00e7\u0131k r\u0131za<\/p><\/td><\/tr><\/tbody><\/table><p><strong>3.4.\u00a0<\/strong><strong>M\u00dc\u015eTER\u0130<\/strong><\/p><p>\u015eirketimiz taraf\u0131ndan sunulan \u00fcr\u00fcn veya hizmetlerden sizleri faydaland\u0131rmak i\u00e7in \u00e7al\u0131\u015fmalar\u0131n yap\u0131lmas\u0131 ve ticari faaliyetlerin ger\u00e7ekle\u015ftirilmesi kapsam\u0131nda, ki\u015fisel verileriniz a\u015fa\u011f\u0131da belirtilen ama\u00e7lar ve hukuki sebepler ile i\u015flenebilecektir.<\/p><table><tbody><tr><td><p>Ki\u015fisel Veriler<\/p><\/td><td><p>Ki\u015fisel Veri Kategorisi<\/p><\/td><td><p>Ki\u015fisel Veri \u0130\u015flenme Ama\u00e7lar\u0131<\/p><\/td><td><p>Hukuki Sebep<\/p><\/td><\/tr><tr><td><p>\u2022 Ad, soyad,<\/p><p>\u2022 E-posta adresi<\/p><p>\u2022 Cep telefonu numaras\u0131<\/p><\/td><td><p>\u2022 Kimlik Bilgileri<\/p><p>\u2022 \u0130leti\u015fim Bilgileri<\/p><\/td><td><p>\u2022 Ki\u015fisel verileriniz, rezervasyonunuzun tamamlanmas\u0131 ve y\u00f6netilmesi amac\u0131yla i\u015flenmektedir.<\/p><\/td><td><p>\u2022 Bir s\u00f6zle\u015fmenin kurulmas\u0131 veya ifas\u0131yla do\u011frudan do\u011fruya ilgili olmas\u0131 kayd\u0131yla s\u00f6zle\u015fmenin taraflar\u0131na ait ki\u015fisel verilerin i\u015flenmesinin gerekli olmas\u0131<\/p><\/td><\/tr><tr><td><p>\u2022 Anket verileri<\/p><p>\u2022 Sat\u0131n alma ge\u00e7mi\u015fi,<\/p><p>\u2022 \u00c7erez verileri<\/p><\/td><td><p>\u2022 Pazarlama Verileri<\/p><p>\u2022 Teknik Veri<\/p><\/td><td><p>\u2022 M\u00fc\u015fterilerimizin en iyi deneyimi ya\u015famalar\u0131 ve m\u00fc\u015fterilerimizin en iyi \u015fekilde \u00fcr\u00fcn ve hizmetlerimizden faydalanabilmesi i\u00e7in analiz ve pazarlama \u00e7al\u0131\u015fmalar\u0131n\u0131n ger\u00e7ekle\u015ftirilmesi<\/p><\/td><td><p>\u2022 A\u00e7\u0131k r\u0131za<\/p><\/td><\/tr><tr><td><p>\u2022 Beslenme\/diyet tercihleri<\/p><\/td><td><p>\u2022 Sa\u011fl\u0131k Verisi<\/p><\/td><td><p>\u2022 \u0130lgili ki\u015fiye uygun \u00fcr\u00fcnlerin sunulmas\u0131 i\u00e7in beslenme\/diyet tercihlerine ili\u015fkin sa\u011fl\u0131k verileri i\u015flenmektedir.<\/p><\/td><td><p>\u2022 A\u00e7\u0131k r\u0131za<\/p><\/td><\/tr><\/tbody><\/table><h5>4. K\u0130\u015e\u0130SEL VER\u0130LER\u0130N\u0130Z\u0130N \u00dc\u00c7\u00dcNC\u00dc K\u0130\u015e\u0130LERE AKTARILMASI<\/h5><p>Ki\u015fisel verileriniz, KVKK\u2019n\u0131n ki\u015fisel verilerin aktar\u0131lmas\u0131na ili\u015fkin h\u00fck\u00fcmleri kapsam\u0131nda i\u015fbu Ayd\u0131nlatma Metni\u2019nin 3. b\u00f6l\u00fcm\u00fcnde yer alan ama\u00e7lar\u0131n gerektirdi\u011fi \u00f6l\u00e7\u00fcde; ilgili mevzuat gere\u011fi talep edilmesi halinde yurt i\u00e7indeki adli makamlar veya kolluk kuvvetleri ile payla\u015f\u0131labilecektir.<\/p><p>\u00d6zg\u00fcr iradenizle a\u00e7\u0131k r\u0131za verdi\u011finiz takdirde, ki\u015fisel verileriniz pazarlama faaliyetlerinin y\u00fcr\u00fct\u00fclmesi kapsam\u0131nda veri zenginle\u015ftirme, ki\u015fiselle\u015ftirilmi\u015f reklam amac\u0131yla grup \u015firketlerimiz, i\u015f ortaklar\u0131m\u0131z ve tedarik\u00e7ilerimiz ile payla\u015f\u0131labilecektir. Galata Art Smyrna i\u015ftiraklerinin yurt d\u0131\u015f\u0131nda yerle\u015fik olmas\u0131 halinde, bu t\u00fcr aktar\u0131mlar i\u00e7in KVKK\u2019n\u0131n 9. maddesi kapsam\u0131nda a\u00e7\u0131k r\u0131zan\u0131z\u0131n varl\u0131\u011f\u0131na ihtiya\u00e7 duyulmaktad\u0131r. A\u00e7\u0131k r\u0131zan\u0131z\u0131n mevcut olmamas\u0131 veya ba\u015fkaca bir yasal aktar\u0131m mekanizmas\u0131na ba\u015fvurulmamas\u0131 halinde, ki\u015fisel verileriniz yurt d\u0131\u015f\u0131na aktar\u0131lmayacakt\u0131r.<\/p><h5>5. D\u0130\u011eER \u0130NTERNET S\u0130TELER\u0130NE BA\u011eLANTILAR<\/h5><p>\u0130nternet sitemiz, ilgilendi\u011finiz di\u011fer internet sitelerini kolayca ziyaret etmenizi sa\u011flayacak ba\u011flant\u0131lar i\u00e7erebilir. Ancak, internet sitemizden ayr\u0131lmak i\u00e7in bu ba\u011flant\u0131lar\u0131 kulland\u0131ktan sonra, di\u011fer internet sitesi \u00fczerinde herhangi bir kontrol\u00fcm\u00fcz olmad\u0131\u011f\u0131n\u0131 belirtmek isteriz. Bu nedenle, di\u011fer internet sitelerini ziyaret ederken sa\u011flad\u0131\u011f\u0131n\u0131z bilgilerin korunmas\u0131ndan ve gizlili\u011finden sorumlu olmay\u0131z ve bu t\u00fcr internet siteleri arac\u0131l\u0131\u011f\u0131yla ki\u015fisel verilerinizin i\u015flenmesi i\u015fbu Ayd\u0131nlatma Metnine tabi de\u011fildir.<\/p><h5>6. K\u0130\u015e\u0130SEL VER\u0130LER\u0130N\u0130Z\u0130N KORUNMASINA Y\u00d6NEL\u0130K HAKLARINIZ<\/h5><p>Bu Ayd\u0131nlatma Metni\u2019nin \u201c\u0130leti\u015fim\u201d b\u00f6l\u00fcm\u00fcnde yer alan y\u00f6ntemlerle \u015eirket e ba\u015fvurarak,<\/p><p>\u00d8 Ki\u015fisel verilerinizin i\u015flenip i\u015flenmedi\u011fini \u00f6\u011frenme,<\/p><p>\u00d8 \u0130\u015flenmi\u015fse buna ili\u015fkin bilgi talep etme,<\/p><p>\u00d8 Ki\u015fisel verilerinizin i\u015flenme amac\u0131n\u0131 ve bunlar\u0131n amac\u0131na uygun kullan\u0131l\u0131p kullan\u0131lmad\u0131\u011f\u0131n\u0131 \u00f6\u011frenme,<\/p><p>\u00d8 Yurt i\u00e7inde veya yurt d\u0131\u015f\u0131nda aktar\u0131ld\u0131\u011f\u0131 \u00fc\u00e7\u00fcnc\u00fc ki\u015fileri bilme,<\/p><p>\u00d8 Ki\u015fisel verilerin eksik veya yanl\u0131\u015f i\u015flenmi\u015f olmas\u0131 halinde bunlar\u0131n d\u00fczeltilmesini isteme,<\/p><p>\u00d8 KVKK\u2019da \u00f6ng\u00f6r\u00fclen \u015fartlar \u00e7er\u00e7evesinde ki\u015fisel verilerinizin silinmesini veya yok edilmesini isteme,<\/p><p>\u00d8 Yukar\u0131da belirtilen d\u00fczeltme, silinme ve yok edilme \u015feklindeki haklar\u0131n\u0131z uyar\u0131nca yap\u0131lan i\u015flemlerin, ki\u015fisel verilerin aktar\u0131ld\u0131\u011f\u0131 \u00fc\u00e7\u00fcnc\u00fc ki\u015filere bildirilmesini isteme,<\/p><p>\u00d8 \u0130\u015flenen ki\u015fisel verilerinizin m\u00fcnhas\u0131ran otomatik sistemler ile analiz edilmesi sureti ile aleyhinize bir sonucun ortaya \u00e7\u0131kmas\u0131na itiraz etme,<\/p><p>\u00d8 Ki\u015fisel verilerinizin ilgili mevzuata ayk\u0131r\u0131 olarak i\u015flenmesi sebebiyle zarara u\u011framan\u0131z h\u00e2linde zarar\u0131n\u0131z\u0131n giderilmesini talep etme haklar\u0131na sahipsiniz.<\/p><h5>7. HAK VE TALEPLER\u0130N\u0130Z \u0130\u00c7\u0130N \u0130LET\u0130\u015e\u0130M<\/h5><p>Ki\u015fisel verilerinizle ilgili sorular\u0131n\u0131z\u0131 ve taleplerinizi, Veri Sorumlusuna Ba\u015fvuru Usul ve Esaslar\u0131 hakk\u0131nda Tebli\u011f\u2019de belirtilen \u015fartlara uygun d\u00fczenlenmi\u015f dilek\u00e7eyle M\u00fceyyedzade, Tatar Beyi Sk. No:3, 34425 Beyo\u011flu\/\u0130stanbul adresine kimlik tespiti yap\u0131lmak suretiyle bizzat elden iletebilir ya da noter kanal\u0131yla ula\u015ft\u0131rabilirsiniz. Bunun yan\u0131nda kay\u0131tl\u0131 elektronik posta (KEP) adresine, g\u00fcvenli elektronik imza ve mobil imza ya da taraf\u0131n\u0131zca \u015eirket\u2019e daha \u00f6nce bildirilen ve taraf\u0131m\u0131zca teyit edilmi\u015f olan \u015eirket sistemindeki elektronik posta adresini kullanmak suretiyle <a href=\"mailto:info@galataartsmyrna.com\">info@galataartsmyrna.com <\/a>elektronik posta adresine iletebilirsiniz.<\/p><h5>8. AYDINLATMA METN\u0130 HAKKINDA<\/h5><p>Bu Ayd\u0131nlatma Metni \u015eirket taraf\u0131ndan yay\u0131mland\u0131\u011f\u0131 tarih itibariyle ge\u00e7erli olacakt\u0131r. \u015eirket, bu Ayd\u0131nlatma Metni\u2019nde, gerekli oldu\u011fu takdirde, her zaman de\u011fi\u015fiklik yapabilir. \u015eirket taraf\u0131ndan yap\u0131lacak de\u011fi\u015fiklikler, Ayd\u0131nlatma Metni\u2019nin galataartsmyrna.com adresinde yay\u0131mlanmas\u0131yla birlikte ge\u00e7erlilik kazan\u0131r.<\/p><\/div><\/div>\t\t\t\t\t\t<\/div>\n\t\t\t\t<\/div>\n\t\t\t\t\t<\/div>\n\t\t\t\t<\/div>\n\t\t\t\t<\/div>","protected":false},"excerpt":{"rendered":"<p>GALATA ART SMYRNA\u0130NTERNET S\u0130TES\u0130 AYDINLATMA METN\u0130 1. K\u0130\u015e\u0130SEL VER\u0130LER\u0130N KORUNMASINA \u0130L\u0130\u015eK\u0130N B\u0130LG\u0130LEND\u0130RME Galata Art Smyrna (\u201c\u015eirket\u201d veya \u201cArt Smyrna\u201d) taraf\u0131ndan toplanan ve i\u015flenen ki\u015fisel veriler, veri sorumlusu s\u0131fat\u0131n\u0131 haiz \u015eirket\u2019in korumas\u0131 alt\u0131ndad\u0131r. Ki\u015fisel veriler, \u015eirket taraf\u0131ndan i\u015fbu Ayd\u0131nlatma Metni kapsam\u0131nda 6698 say\u0131l\u0131 Ki\u015fisel Verilerin Korunmas\u0131 Kanunu (\u201cKVKK\u201d), ikincil d\u00fczenlemeler ve ki\u015fisel verilerin korunmas\u0131na ili\u015fkin sair mevzuata uygun olarak i\u015flenmektedir. Veri [&hellip;]<\/p>","protected":false},"author":1,"featured_media":0,"parent":0,"menu_order":0,"comment_status":"closed","ping_status":"closed","template":"","meta":{"footnotes":""},"_links":{"self":[{"href":"https:\/\/galataartsmyrna.com\/en\/wp-json\/wp\/v2\/pages\/5351"}],"collection":[{"href":"https:\/\/galataartsmyrna.com\/en\/wp-json\/wp\/v2\/pages"}],"about":[{"href":"https:\/\/galataartsmyrna.com\/en\/wp-json\/wp\/v2\/types\/page"}],"author":[{"embeddable":true,"href":"https:\/\/galataartsmyrna.com\/en\/wp-json\/wp\/v2\/users\/1"}],"replies":[{"embeddable":true,"href":"https:\/\/galataartsmyrna.com\/en\/wp-json\/wp\/v2\/comments?post=5351"}],"version-history":[{"count":5,"href":"https:\/\/galataartsmyrna.com\/en\/wp-json\/wp\/v2\/pages\/5351\/revisions"}],"predecessor-version":[{"id":5356,"href":"https:\/\/galataartsmyrna.com\/en\/wp-json\/wp\/v2\/pages\/5351\/revisions\/5356"}],"wp:attachment":[{"href":"https:\/\/galataartsmyrna.com\/en\/wp-json\/wp\/v2\/media?parent=5351"}],"curies":[{"name":"wp","href":"https:\/\/api.w.org\/{rel}","templated":true}]}}